{"id":3101,"date":"2023-03-10T11:09:24","date_gmt":"2023-03-10T10:09:24","guid":{"rendered":"https:\/\/german-golftours.com\/?page_id=3101"},"modified":"2023-03-10T11:59:58","modified_gmt":"2023-03-10T10:59:58","slug":"elba-costa-ballena","status":"publish","type":"page","link":"https:\/\/german-golftours.com\/en\/elba-costa-ballena\/","title":{"rendered":"Elba Costa Ballena"},"content":{"rendered":"<p><div class=\"fusion-fullwidth fullwidth-box fusion-builder-row-1 fusion-flex-container nonhundred-percent-fullwidth non-hundred-percent-height-scrolling\" style=\"background-color: rgba(255,255,255,0);background-position: center center;background-repeat: no-repeat;border-width: 0px 0px 0px 0px;border-color:#f7f7f7;border-style:solid;\" ><div class=\"fusion-builder-row fusion-row fusion-flex-align-items-flex-start\" style=\"max-width:1216.8px;margin-left: calc(-4% \/ 2 );margin-right: calc(-4% \/ 2 );\"><div class=\"fusion-layout-column fusion_builder_column fusion-builder-column-0 fusion_builder_column_2_3 2_3 fusion-flex-column\"><div class=\"fusion-column-wrapper fusion-flex-justify-content-flex-start fusion-content-layout-column\" style=\"background-position:left top;background-repeat:no-repeat;-webkit-background-size:cover;-moz-background-size:cover;-o-background-size:cover;background-size:cover;padding: 0px 0px 0px 0px;\"><style type=\"text\/css\">@media only screen and (max-width:1024px) {.fusion-title.fusion-title-1{margin-top:0px!important; margin-right:0px!important;margin-bottom:0px!important;margin-left:0px!important;}}@media only screen and (max-width:640px) {.fusion-title.fusion-title-1{margin-top:0px!important; margin-right:0px!important;margin-bottom:20px!important; margin-left:0px!important;}}<\/style><div class=\"fusion-title title fusion-title-1 fusion-sep-none fusion-title-text fusion-title-size-one\" style=\"font-size:48px;margin-top:0px;margin-right:0px;margin-bottom:0px;margin-left:0px;\"><h1 class=\"title-heading-left fusion-responsive-typography-calculated\" style=\"margin:0;font-size:1em;--fontSize:48;line-height:1.2;\">GERMAN GOLF TOURS &#8211; ON TOUR<\/h1><\/div><style type=\"text\/css\">@media only screen and (max-width:1024px) {.fusion-title.fusion-title-2{margin-top:0px!important; margin-right:0px!important;margin-bottom:31px!important;margin-left:0px!important;}}@media only screen and (max-width:640px) {.fusion-title.fusion-title-2{margin-top:0px!important; margin-right:0px!important;margin-bottom:20px!important; margin-left:0px!important;}}<\/style><div class=\"fusion-title title fusion-title-2 fusion-sep-none fusion-title-text fusion-title-size-two\" style=\"font-size:28px;margin-top:0px;margin-right:0px;margin-bottom:31px;margin-left:0px;\"><h2 class=\"title-heading-left fusion-responsive-typography-calculated\" style=\"font-family:Arial, Helvetica, sans-serif;font-weight:400;margin:0;font-size:1em;--fontSize:28;line-height:1.2;\">Elba Costa Ballena &#8211; Spain<\/h2><\/div><div class=\"fusion-text fusion-text-1 fusion-text-no-margin\" style=\"margin-bottom:-10px;\"><p>Found by one of the most popular beaches in C\u00e1diz for summer holidays, with beautiful sand dunes and a temperate climate all year round the Elba Costa Ballena is perfect for your family holiday. You\u2019ll be surprised by the how the architecture of the hotel has been designed to perfectly integrate with its surroundings. You can take a pleasant walk through the gardens which lead directly to the beach, the golf and tennis courts and the children&#8217;s area with games and a variety of swings, or pools. It offers an ideal location for golf, beach and culture lovers. Plus, the Elba Costa Ballena is also found next to the Costa Ballena Ocean Golf Club, which has 3 golf courses to choose from. Notably, the 27+9 hole golf course has been designed by the world famous Jos\u00e9 Mar\u00eda Olaz\u00e1bal. Also close by are the towns of Rota, Sanl\u00facar de Barrameda, Chipiona, Jerez and el Puerto de Santa Maria which offer all sorts of activities from wine tasting to sightseeing to water sports. The hotel\u2019s 2,000m2 Thalasso Spa is the only one in the C\u00e1diz province, and the additional swimming pools and children\u2019s activities make this a great hotel to stay at.<\/p>\n<\/div><\/div><style type=\"text\/css\">.fusion-body .fusion-builder-column-0{width:66.666666666667% !important;margin-top : 15px;margin-bottom : 15px;}.fusion-builder-column-0 > .fusion-column-wrapper {padding-top : 0px !important;padding-right : 0px !important;margin-right : 2.88%;padding-bottom : 0px !important;padding-left : 0px !important;margin-left : 2.88%;}@media only screen and (max-width:1024px) {.fusion-body .fusion-builder-column-0{width:100% !important;order : 0;}.fusion-builder-column-0 > .fusion-column-wrapper {margin-right : 1.92%;margin-left : 1.92%;}}@media only screen and (max-width:640px) {.fusion-body .fusion-builder-column-0{width:100% !important;order : 0;}.fusion-builder-column-0 > .fusion-column-wrapper {margin-right : 1.92%;margin-left : 1.92%;}}<\/style><\/div><div class=\"fusion-layout-column fusion_builder_column fusion-builder-column-1 fusion_builder_column_1_3 1_3 fusion-flex-column fusion-flex-align-self-flex-end\"><div class=\"fusion-column-wrapper fusion-flex-justify-content-flex-start fusion-content-layout-column\" style=\"background-position:left top;background-repeat:no-repeat;-webkit-background-size:cover;-moz-background-size:cover;-o-background-size:cover;background-size:cover;padding: 0px 0px 0px 0px;\"><style type=\"text\/css\">@media only screen and (max-width:1024px) {.fusion-title.fusion-title-3{margin-top:0px!important; margin-right:0px!important;margin-bottom:31px!important;margin-left:0px!important;}}@media only screen and (max-width:640px) {.fusion-title.fusion-title-3{margin-top:0px!important; margin-right:0px!important;margin-bottom:20px!important; margin-left:0px!important;}}<\/style><div class=\"fusion-title title fusion-title-3 fusion-sep-none fusion-title-text fusion-title-size-one\" style=\"font-size:48px;margin-top:0px;margin-right:0px;margin-bottom:31px;margin-left:0px;\"><h1 class=\"title-heading-left fusion-responsive-typography-calculated\" style=\"margin:0;font-size:1em;--fontSize:48;line-height:1.2;\"><p style=\"text-align: right;\">on request<\/p><\/h1><\/div><div style=\"text-align:right;\"><style type=\"text\/css\">.fusion-button.button-1 .fusion-button-text, .fusion-button.button-1 i {color:#ffffff;}.fusion-button.button-1 .fusion-button-icon-divider{border-color:#ffffff;}.fusion-button.button-1:hover .fusion-button-text, .fusion-button.button-1:hover i,.fusion-button.button-1:focus .fusion-button-text, .fusion-button.button-1:focus i,.fusion-button.button-1:active .fusion-button-text, .fusion-button.button-1:active{color:#c1c6a3;}.fusion-button.button-1:hover .fusion-button-icon-divider, .fusion-button.button-1:hover .fusion-button-icon-divider, .fusion-button.button-1:active .fusion-button-icon-divider{border-color:#c1c6a3;}.fusion-button.button-1:hover, .fusion-button.button-1:focus, .fusion-button.button-1:active{border-color:#638e1a;border-width:0px;}.fusion-button.button-1 {border-color:#6e9a1f;border-width:0px;border-radius:0px;}.fusion-button.button-1{background: #557c2c;}.fusion-button.button-1:hover,.button-1:focus,.fusion-button.button-1:active{background: #557c2c;}<\/style><a class=\"fusion-button button-flat button-xlarge button-custom button-1 fusion-button-default-span fusion-button-default-type\" target=\"_self\" href=\"https:\/\/german-golftours.com\/en\/inquiry-on-tour\/\"><span class=\"fusion-button-text\">INQUIRE NOW &gt;&gt;<\/span><\/a><\/div><\/div><style type=\"text\/css\">.fusion-body .fusion-builder-column-1{width:33.333333333333% !important;margin-top : 50px;margin-bottom : 15px;}.fusion-builder-column-1 > .fusion-column-wrapper {padding-top : 0px !important;padding-right : 0px !important;margin-right : 5.76%;padding-bottom : 0px !important;padding-left : 0px !important;margin-left : 5.76%;}@media only screen and (max-width:1024px) {.fusion-body .fusion-builder-column-1{width:100% !important;order : 0;}.fusion-builder-column-1 > .fusion-column-wrapper {margin-right : 1.92%;margin-left : 1.92%;}}@media only screen and (max-width:640px) {.fusion-body .fusion-builder-column-1{width:100% !important;order : 0;}.fusion-builder-column-1 > .fusion-column-wrapper {margin-right : 1.92%;margin-left : 1.92%;}}<\/style><\/div><\/div><style type=\"text\/css\">.fusion-body .fusion-flex-container.fusion-builder-row-1{ padding-top : 0px;margin-top : 0px;padding-right : 0px;padding-bottom : 0px;margin-bottom : 0px;padding-left : 0px;}<\/style><\/div><div class=\"fusion-fullwidth fullwidth-box fusion-builder-row-2 fusion-flex-container nonhundred-percent-fullwidth non-hundred-percent-height-scrolling\" style=\"background-color: rgba(255,255,255,0);background-position: center center;background-repeat: no-repeat;border-width: 0px 0px 0px 0px;border-color:#f7f7f7;border-style:solid;\" ><div class=\"fusion-builder-row fusion-row fusion-flex-align-items-flex-start\" style=\"max-width:1216.8px;margin-left: calc(-4% \/ 2 );margin-right: calc(-4% \/ 2 );\"><div class=\"fusion-layout-column fusion_builder_column fusion-builder-column-2 fusion_builder_column_1_1 1_1 fusion-flex-column\"><div class=\"fusion-column-wrapper fusion-flex-justify-content-flex-start fusion-content-layout-column\" style=\"background-position:left top;background-repeat:no-repeat;-webkit-background-size:cover;-moz-background-size:cover;-o-background-size:cover;background-size:cover;padding: 0px 0px 0px 0px;\"><style type=\"text\/css\">.fusion-gallery-1 .fusion-gallery-image {border:0px solid #f6f6f6;}<\/style><div class=\"fusion-gallery fusion-gallery-container fusion-grid-3 fusion-columns-total-6 fusion-gallery-layout-grid fusion-gallery-1\" style=\"margin:-10px;\"><div style=\"padding:10px;\" class=\"fusion-grid-column fusion-gallery-column fusion-gallery-column-3 hover-type-zoomin\"><div class=\"fusion-gallery-image\"><a href=\"https:\/\/german-golftours.com\/wp-content\/uploads\/2023\/02\/german-golf-tours_costa-ballena-4.jpg\" rel=\"noreferrer\" data-rel=\"iLightbox[gallery_image_1]\" class=\"fusion-lightbox\" target=\"_self\"><img decoding=\"async\" src=\"https:\/\/german-golftours.com\/wp-content\/uploads\/2023\/02\/german-golf-tours_costa-ballena-4.jpg\" width=\"1280\" height=\"720\" alt=\"Costa Ballena Restaurant Terrace\" title=\"german-golf-tours_costa-ballena (4)\" aria-label=\"german-golf-tours_costa-ballena (4)\" class=\"img-responsive wp-image-2972\" srcset=\"https:\/\/german-golftours.com\/wp-content\/uploads\/2023\/02\/german-golf-tours_costa-ballena-4-200x113.jpg 200w, https:\/\/german-golftours.com\/wp-content\/uploads\/2023\/02\/german-golf-tours_costa-ballena-4-400x225.jpg 400w, https:\/\/german-golftours.com\/wp-content\/uploads\/2023\/02\/german-golf-tours_costa-ballena-4-600x338.jpg 600w, https:\/\/german-golftours.com\/wp-content\/uploads\/2023\/02\/german-golf-tours_costa-ballena-4-800x450.jpg 800w, https:\/\/german-golftours.com\/wp-content\/uploads\/2023\/02\/german-golf-tours_costa-ballena-4-1200x675.jpg 1200w, https:\/\/german-golftours.com\/wp-content\/uploads\/2023\/02\/german-golf-tours_costa-ballena-4.jpg 1280w\" sizes=\"(min-width: 2200px) 100vw, (min-width: 1024px) 383px, (min-width: 832px) 575px, (min-width: 640px) 832px, \" \/><\/a><\/div><\/div><div style=\"padding:10px;\" class=\"fusion-grid-column fusion-gallery-column fusion-gallery-column-3 hover-type-zoomin\"><div class=\"fusion-gallery-image\"><a href=\"https:\/\/german-golftours.com\/wp-content\/uploads\/2023\/02\/german-golf-tours_costa-ballena-2.jpg\" rel=\"noreferrer\" data-rel=\"iLightbox[gallery_image_1]\" class=\"fusion-lightbox\" target=\"_self\"><img decoding=\"async\" src=\"https:\/\/german-golftours.com\/wp-content\/uploads\/2023\/02\/german-golf-tours_costa-ballena-2.jpg\" width=\"1280\" height=\"720\" alt=\"Costa Ballena Twilight Golf\" title=\"german-golf-tours_costa-ballena (2)\" aria-label=\"german-golf-tours_costa-ballena (2)\" class=\"img-responsive wp-image-2970\" srcset=\"https:\/\/german-golftours.com\/wp-content\/uploads\/2023\/02\/german-golf-tours_costa-ballena-2-200x113.jpg 200w, https:\/\/german-golftours.com\/wp-content\/uploads\/2023\/02\/german-golf-tours_costa-ballena-2-400x225.jpg 400w, https:\/\/german-golftours.com\/wp-content\/uploads\/2023\/02\/german-golf-tours_costa-ballena-2-600x338.jpg 600w, https:\/\/german-golftours.com\/wp-content\/uploads\/2023\/02\/german-golf-tours_costa-ballena-2-800x450.jpg 800w, https:\/\/german-golftours.com\/wp-content\/uploads\/2023\/02\/german-golf-tours_costa-ballena-2-1200x675.jpg 1200w, https:\/\/german-golftours.com\/wp-content\/uploads\/2023\/02\/german-golf-tours_costa-ballena-2.jpg 1280w\" sizes=\"(min-width: 2200px) 100vw, (min-width: 1024px) 383px, (min-width: 832px) 575px, (min-width: 640px) 832px, \" \/><\/a><\/div><\/div><div style=\"padding:10px;\" class=\"fusion-grid-column fusion-gallery-column fusion-gallery-column-3 hover-type-zoomin\"><div class=\"fusion-gallery-image\"><a href=\"https:\/\/german-golftours.com\/wp-content\/uploads\/2023\/02\/german-golf-tours_costa-ballena-1.jpg\" rel=\"noreferrer\" data-rel=\"iLightbox[gallery_image_1]\" class=\"fusion-lightbox\" target=\"_self\"><img decoding=\"async\" src=\"https:\/\/german-golftours.com\/wp-content\/uploads\/2023\/02\/german-golf-tours_costa-ballena-1.jpg\" width=\"1280\" height=\"720\" alt=\"Costa Ballena Golf View\" title=\"german-golf-tours_costa-ballena (1)\" aria-label=\"german-golf-tours_costa-ballena (1)\" class=\"img-responsive wp-image-2968\" srcset=\"https:\/\/german-golftours.com\/wp-content\/uploads\/2023\/02\/german-golf-tours_costa-ballena-1-200x113.jpg 200w, https:\/\/german-golftours.com\/wp-content\/uploads\/2023\/02\/german-golf-tours_costa-ballena-1-400x225.jpg 400w, https:\/\/german-golftours.com\/wp-content\/uploads\/2023\/02\/german-golf-tours_costa-ballena-1-600x338.jpg 600w, https:\/\/german-golftours.com\/wp-content\/uploads\/2023\/02\/german-golf-tours_costa-ballena-1-800x450.jpg 800w, https:\/\/german-golftours.com\/wp-content\/uploads\/2023\/02\/german-golf-tours_costa-ballena-1-1200x675.jpg 1200w, https:\/\/german-golftours.com\/wp-content\/uploads\/2023\/02\/german-golf-tours_costa-ballena-1.jpg 1280w\" sizes=\"(min-width: 2200px) 100vw, (min-width: 1024px) 383px, (min-width: 832px) 575px, (min-width: 640px) 832px, \" \/><\/a><\/div><\/div><div class=\"clearfix\"><\/div><div style=\"padding:10px;\" class=\"fusion-grid-column fusion-gallery-column fusion-gallery-column-3 hover-type-zoomin\"><div class=\"fusion-gallery-image\"><a href=\"https:\/\/german-golftours.com\/wp-content\/uploads\/2023\/02\/german-golf-tours_costa-ballena-18.jpg\" rel=\"noreferrer\" data-rel=\"iLightbox[gallery_image_1]\" class=\"fusion-lightbox\" target=\"_self\"><img decoding=\"async\" src=\"https:\/\/german-golftours.com\/wp-content\/uploads\/2023\/02\/german-golf-tours_costa-ballena-18.jpg\" width=\"1280\" height=\"720\" alt=\"Costa Ballena Golf Beach\" title=\"german-golf-tours_costa-ballena (18)\" aria-label=\"german-golf-tours_costa-ballena (18)\" class=\"img-responsive wp-image-2980\" srcset=\"https:\/\/german-golftours.com\/wp-content\/uploads\/2023\/02\/german-golf-tours_costa-ballena-18-200x113.jpg 200w, https:\/\/german-golftours.com\/wp-content\/uploads\/2023\/02\/german-golf-tours_costa-ballena-18-400x225.jpg 400w, https:\/\/german-golftours.com\/wp-content\/uploads\/2023\/02\/german-golf-tours_costa-ballena-18-600x338.jpg 600w, https:\/\/german-golftours.com\/wp-content\/uploads\/2023\/02\/german-golf-tours_costa-ballena-18-800x450.jpg 800w, https:\/\/german-golftours.com\/wp-content\/uploads\/2023\/02\/german-golf-tours_costa-ballena-18-1200x675.jpg 1200w, https:\/\/german-golftours.com\/wp-content\/uploads\/2023\/02\/german-golf-tours_costa-ballena-18.jpg 1280w\" sizes=\"(min-width: 2200px) 100vw, (min-width: 1024px) 383px, (min-width: 832px) 575px, (min-width: 640px) 832px, \" \/><\/a><\/div><\/div><div style=\"padding:10px;\" class=\"fusion-grid-column fusion-gallery-column fusion-gallery-column-3 hover-type-zoomin\"><div class=\"fusion-gallery-image\"><a href=\"https:\/\/german-golftours.com\/wp-content\/uploads\/2023\/02\/german-golf-tours_costa-ballena-22.jpg\" rel=\"noreferrer\" data-rel=\"iLightbox[gallery_image_1]\" class=\"fusion-lightbox\" target=\"_self\"><img decoding=\"async\" src=\"https:\/\/german-golftours.com\/wp-content\/uploads\/2023\/02\/german-golf-tours_costa-ballena-22.jpg\" width=\"1280\" height=\"720\" alt=\"Costa Ballena Driving Range\" title=\"german-golf-tours_costa-ballena (22)\" aria-label=\"german-golf-tours_costa-ballena (22)\" class=\"img-responsive wp-image-2982\" srcset=\"https:\/\/german-golftours.com\/wp-content\/uploads\/2023\/02\/german-golf-tours_costa-ballena-22-200x113.jpg 200w, https:\/\/german-golftours.com\/wp-content\/uploads\/2023\/02\/german-golf-tours_costa-ballena-22-400x225.jpg 400w, https:\/\/german-golftours.com\/wp-content\/uploads\/2023\/02\/german-golf-tours_costa-ballena-22-600x338.jpg 600w, https:\/\/german-golftours.com\/wp-content\/uploads\/2023\/02\/german-golf-tours_costa-ballena-22-800x450.jpg 800w, https:\/\/german-golftours.com\/wp-content\/uploads\/2023\/02\/german-golf-tours_costa-ballena-22-1200x675.jpg 1200w, https:\/\/german-golftours.com\/wp-content\/uploads\/2023\/02\/german-golf-tours_costa-ballena-22.jpg 1280w\" sizes=\"(min-width: 2200px) 100vw, (min-width: 1024px) 383px, (min-width: 832px) 575px, (min-width: 640px) 832px, \" \/><\/a><\/div><\/div><div style=\"padding:10px;\" class=\"fusion-grid-column fusion-gallery-column fusion-gallery-column-3 hover-type-zoomin\"><div class=\"fusion-gallery-image\"><a href=\"https:\/\/german-golftours.com\/wp-content\/uploads\/2023\/02\/german-golf-tours_costa-ballena-25.jpg\" rel=\"noreferrer\" data-rel=\"iLightbox[gallery_image_1]\" class=\"fusion-lightbox\" target=\"_self\"><img decoding=\"async\" src=\"https:\/\/german-golftours.com\/wp-content\/uploads\/2023\/02\/german-golf-tours_costa-ballena-25.jpg\" width=\"1280\" height=\"720\" alt=\"Costa Ballena Golfcourse\" title=\"german-golf-tours_costa-ballena (25)\" aria-label=\"german-golf-tours_costa-ballena (25)\" class=\"img-responsive wp-image-2984\" srcset=\"https:\/\/german-golftours.com\/wp-content\/uploads\/2023\/02\/german-golf-tours_costa-ballena-25-200x113.jpg 200w, https:\/\/german-golftours.com\/wp-content\/uploads\/2023\/02\/german-golf-tours_costa-ballena-25-400x225.jpg 400w, https:\/\/german-golftours.com\/wp-content\/uploads\/2023\/02\/german-golf-tours_costa-ballena-25-600x338.jpg 600w, https:\/\/german-golftours.com\/wp-content\/uploads\/2023\/02\/german-golf-tours_costa-ballena-25-800x450.jpg 800w, https:\/\/german-golftours.com\/wp-content\/uploads\/2023\/02\/german-golf-tours_costa-ballena-25-1200x675.jpg 1200w, https:\/\/german-golftours.com\/wp-content\/uploads\/2023\/02\/german-golf-tours_costa-ballena-25.jpg 1280w\" sizes=\"(min-width: 2200px) 100vw, (min-width: 1024px) 383px, (min-width: 832px) 575px, (min-width: 640px) 832px, \" \/><\/a><\/div><\/div><div class=\"clearfix\"><\/div><\/div><\/div><style type=\"text\/css\">.fusion-body .fusion-builder-column-2{width:100% !important;margin-top : 50px;margin-bottom : 15px;}.fusion-builder-column-2 > .fusion-column-wrapper {padding-top : 0px !important;padding-right : 0px !important;margin-right : 1.92%;padding-bottom : 0px !important;padding-left : 0px !important;margin-left : 1.92%;}@media only screen and (max-width:1024px) {.fusion-body .fusion-builder-column-2{width:100% !important;order : 0;}.fusion-builder-column-2 > .fusion-column-wrapper {margin-right : 1.92%;margin-left : 1.92%;}}@media only screen and (max-width:640px) {.fusion-body .fusion-builder-column-2{width:100% !important;order : 0;}.fusion-builder-column-2 > .fusion-column-wrapper {margin-right : 1.92%;margin-left : 1.92%;}}<\/style><\/div><\/div><style type=\"text\/css\">.fusion-body .fusion-flex-container.fusion-builder-row-2{ padding-top : 0px;margin-top : 0px;padding-right : 0px;padding-bottom : 0px;margin-bottom : 0px;padding-left : 0px;}<\/style><\/div><\/p>\n","protected":false},"excerpt":{"rendered":"","protected":false},"author":1,"featured_media":0,"parent":0,"menu_order":0,"comment_status":"closed","ping_status":"closed","template":"","meta":{"_lmt_disableupdate":"no","_lmt_disable":"","_links_to":"","_links_to_target":""},"categories":[],"tags":[],"yoast_head":"<!-- This site is optimized with the Yoast SEO plugin v20.8 - https:\/\/yoast.com\/wordpress\/plugins\/seo\/ -->\n<title>Elba Costa Ballena - German Golftours<\/title>\n<meta name=\"robots\" content=\"index, follow, max-snippet:-1, max-image-preview:large, max-video-preview:-1\" \/>\n<link rel=\"canonical\" href=\"https:\/\/german-golftours.com\/en\/elba-costa-ballena\/\" \/>\n<meta property=\"og:locale\" content=\"en_US\" \/>\n<meta property=\"og:type\" content=\"article\" \/>\n<meta property=\"og:title\" content=\"Elba Costa Ballena - German Golftours\" \/>\n<meta property=\"og:url\" content=\"https:\/\/german-golftours.com\/en\/elba-costa-ballena\/\" \/>\n<meta property=\"og:site_name\" content=\"German Golftours\" \/>\n<meta property=\"article:publisher\" content=\"https:\/\/www.facebook.com\/GermanGolfTours\/\" \/>\n<meta property=\"article:modified_time\" content=\"2023-03-10T10:59:58+00:00\" \/>\n<meta name=\"twitter:card\" content=\"summary_large_image\" \/>\n<meta name=\"twitter:label1\" content=\"Est. reading time\" \/>\n\t<meta name=\"twitter:data1\" content=\"11 minutes\" \/>\n<script type=\"application\/ld+json\" class=\"yoast-schema-graph\">{\"@context\":\"https:\/\/schema.org\",\"@graph\":[{\"@type\":\"WebPage\",\"@id\":\"https:\/\/german-golftours.com\/en\/elba-costa-ballena\/\",\"url\":\"https:\/\/german-golftours.com\/en\/elba-costa-ballena\/\",\"name\":\"Elba Costa Ballena - German Golftours\",\"isPartOf\":{\"@id\":\"https:\/\/german-golftours.com\/#website\"},\"datePublished\":\"2023-03-10T10:09:24+00:00\",\"dateModified\":\"2023-03-10T10:59:58+00:00\",\"breadcrumb\":{\"@id\":\"https:\/\/german-golftours.com\/en\/elba-costa-ballena\/#breadcrumb\"},\"inLanguage\":\"en-US\",\"potentialAction\":[{\"@type\":\"ReadAction\",\"target\":[\"https:\/\/german-golftours.com\/en\/elba-costa-ballena\/\"]}]},{\"@type\":\"BreadcrumbList\",\"@id\":\"https:\/\/german-golftours.com\/en\/elba-costa-ballena\/#breadcrumb\",\"itemListElement\":[{\"@type\":\"ListItem\",\"position\":1,\"name\":\"Startseite\",\"item\":\"https:\/\/german-golftours.com\/en\/home\/\"},{\"@type\":\"ListItem\",\"position\":2,\"name\":\"Elba Costa Ballena\"}]},{\"@type\":\"WebSite\",\"@id\":\"https:\/\/german-golftours.com\/#website\",\"url\":\"https:\/\/german-golftours.com\/\",\"name\":\"German Golftours\",\"description\":\"\",\"publisher\":{\"@id\":\"https:\/\/german-golftours.com\/#organization\"},\"potentialAction\":[{\"@type\":\"SearchAction\",\"target\":{\"@type\":\"EntryPoint\",\"urlTemplate\":\"https:\/\/german-golftours.com\/?s={search_term_string}\"},\"query-input\":\"required name=search_term_string\"}],\"inLanguage\":\"en-US\"},{\"@type\":\"Organization\",\"@id\":\"https:\/\/german-golftours.com\/#organization\",\"name\":\"German Golftours\",\"url\":\"https:\/\/german-golftours.com\/\",\"logo\":{\"@type\":\"ImageObject\",\"inLanguage\":\"en-US\",\"@id\":\"https:\/\/german-golftours.com\/#\/schema\/logo\/image\/\",\"url\":\"https:\/\/german-golftours.com\/wp-content\/uploads\/2021\/09\/ggt-logo.png\",\"contentUrl\":\"https:\/\/german-golftours.com\/wp-content\/uploads\/2021\/09\/ggt-logo.png\",\"width\":500,\"height\":500,\"caption\":\"German Golftours\"},\"image\":{\"@id\":\"https:\/\/german-golftours.com\/#\/schema\/logo\/image\/\"},\"sameAs\":[\"https:\/\/www.facebook.com\/GermanGolfTours\/\",\"https:\/\/www.instagram.com\/germangolftours\/\"]}]}<\/script>\n<!-- \/ Yoast SEO plugin. -->","yoast_head_json":{"title":"Elba Costa Ballena - German Golftours","robots":{"index":"index","follow":"follow","max-snippet":"max-snippet:-1","max-image-preview":"max-image-preview:large","max-video-preview":"max-video-preview:-1"},"canonical":"https:\/\/german-golftours.com\/en\/elba-costa-ballena\/","og_locale":"en_US","og_type":"article","og_title":"Elba Costa Ballena - German Golftours","og_url":"https:\/\/german-golftours.com\/en\/elba-costa-ballena\/","og_site_name":"German Golftours","article_publisher":"https:\/\/www.facebook.com\/GermanGolfTours\/","article_modified_time":"2023-03-10T10:59:58+00:00","twitter_card":"summary_large_image","twitter_misc":{"Est. reading time":"11 minutes"},"schema":{"@context":"https:\/\/schema.org","@graph":[{"@type":"WebPage","@id":"https:\/\/german-golftours.com\/en\/elba-costa-ballena\/","url":"https:\/\/german-golftours.com\/en\/elba-costa-ballena\/","name":"Elba Costa Ballena - German Golftours","isPartOf":{"@id":"https:\/\/german-golftours.com\/#website"},"datePublished":"2023-03-10T10:09:24+00:00","dateModified":"2023-03-10T10:59:58+00:00","breadcrumb":{"@id":"https:\/\/german-golftours.com\/en\/elba-costa-ballena\/#breadcrumb"},"inLanguage":"en-US","potentialAction":[{"@type":"ReadAction","target":["https:\/\/german-golftours.com\/en\/elba-costa-ballena\/"]}]},{"@type":"BreadcrumbList","@id":"https:\/\/german-golftours.com\/en\/elba-costa-ballena\/#breadcrumb","itemListElement":[{"@type":"ListItem","position":1,"name":"Startseite","item":"https:\/\/german-golftours.com\/en\/home\/"},{"@type":"ListItem","position":2,"name":"Elba Costa Ballena"}]},{"@type":"WebSite","@id":"https:\/\/german-golftours.com\/#website","url":"https:\/\/german-golftours.com\/","name":"German Golftours","description":"","publisher":{"@id":"https:\/\/german-golftours.com\/#organization"},"potentialAction":[{"@type":"SearchAction","target":{"@type":"EntryPoint","urlTemplate":"https:\/\/german-golftours.com\/?s={search_term_string}"},"query-input":"required name=search_term_string"}],"inLanguage":"en-US"},{"@type":"Organization","@id":"https:\/\/german-golftours.com\/#organization","name":"German Golftours","url":"https:\/\/german-golftours.com\/","logo":{"@type":"ImageObject","inLanguage":"en-US","@id":"https:\/\/german-golftours.com\/#\/schema\/logo\/image\/","url":"https:\/\/german-golftours.com\/wp-content\/uploads\/2021\/09\/ggt-logo.png","contentUrl":"https:\/\/german-golftours.com\/wp-content\/uploads\/2021\/09\/ggt-logo.png","width":500,"height":500,"caption":"German Golftours"},"image":{"@id":"https:\/\/german-golftours.com\/#\/schema\/logo\/image\/"},"sameAs":["https:\/\/www.facebook.com\/GermanGolfTours\/","https:\/\/www.instagram.com\/germangolftours\/"]}]}},"_links":{"self":[{"href":"https:\/\/german-golftours.com\/en\/wp-json\/wp\/v2\/pages\/3101"}],"collection":[{"href":"https:\/\/german-golftours.com\/en\/wp-json\/wp\/v2\/pages"}],"about":[{"href":"https:\/\/german-golftours.com\/en\/wp-json\/wp\/v2\/types\/page"}],"author":[{"embeddable":true,"href":"https:\/\/german-golftours.com\/en\/wp-json\/wp\/v2\/users\/1"}],"replies":[{"embeddable":true,"href":"https:\/\/german-golftours.com\/en\/wp-json\/wp\/v2\/comments?post=3101"}],"version-history":[{"count":0,"href":"https:\/\/german-golftours.com\/en\/wp-json\/wp\/v2\/pages\/3101\/revisions"}],"wp:attachment":[{"href":"https:\/\/german-golftours.com\/en\/wp-json\/wp\/v2\/media?parent=3101"}],"wp:term":[{"taxonomy":"category","embeddable":true,"href":"https:\/\/german-golftours.com\/en\/wp-json\/wp\/v2\/categories?post=3101"},{"taxonomy":"post_tag","embeddable":true,"href":"https:\/\/german-golftours.com\/en\/wp-json\/wp\/v2\/tags?post=3101"}],"curies":[{"name":"wp","href":"https:\/\/api.w.org\/{rel}","templated":true}]}}