{"id":1849,"date":"2021-09-26T10:55:16","date_gmt":"2021-09-26T08:55:16","guid":{"rendered":"https:\/\/german-golftours.com\/impressum\/"},"modified":"2022-09-05T00:07:53","modified_gmt":"2022-09-04T22:07:53","slug":"impressum","status":"publish","type":"page","link":"https:\/\/german-golftours.com\/en\/impressum\/","title":{"rendered":"Impressum"},"content":{"rendered":"<h5>Angaben gem\u00e4\u00df \u00a7 5 TMG:<\/h5>\n<p>GGT German Golftours UG (haftungsbeschr\u00e4nkt)<br \/>\nSteindamm 97<br \/>\n20099 Hamburg<br \/>\nDeutschland<\/p>\n<p>Registergericht: Hamburg<br \/>\nRegisternummer: HRB 176366<br \/>\nVertretungsberechtigte Gesch\u00e4ftsf\u00fchrer: Graham Carruthers<br \/>\nUmsatzsteuer-Identifikationsnummer nach \u00a7 27a UStG: DE354299152<br \/>\nSteuernummer: 46\/724\/02927<\/p>\n<p>&nbsp;<\/p>\n<h5>Kontakt:<\/h5>\n<p>Telefon: +49 (0) 40 524776190<br \/>\nE-Mail: info(at)germangolftours.de<br \/>\nWebsite: www.germangolftours.de<\/p>\n<p><em>Hinweis: Um Spam-E-Mails zu vermeiden, haben wir das \u201e@\u201c in unserer Mail-Adresse mit \u201e(at)\u201c ersetzt. Bitte verwenden Sie stattdessen wieder das \u201e@\u201c, wenn Sie uns kontaktieren m\u00f6chten.<\/em><\/p>\n<p>&nbsp;<\/p>\n<h5>Reiseversicherungen<\/h5>\n<p>Wir vermitteln Reiseversicherungen im Status eines erlaubnisfreien Annexvermittlers gem\u00e4\u00df \u00a7 34d Abs. 8 Nr. 1 Gewerbeordnung (GewO). Beschwerdestelle bei Streitigkeiten mit Versicherungsvermittlern:<\/p>\n<p>Versicherungsombudsmann e.V.<br \/>\nPostfach 08 06 32<br \/>\n10006 Berlin<\/p>\n<p>www.versicherungsombudsmann.de<\/p>\n<p>&nbsp;<\/p>\n<h5>Haftung<\/h5>\n<p>German Golftours UG \u00fcbernimmt keine Haftung oder Garantie f\u00fcr die Aktualit\u00e4t, Korrektheit und Vollst\u00e4ndigkeit der zur Verf\u00fcgung gestellten Informationen.<\/p>\n<p>Des Weiteren \u00fcbernimmt German Golftours UG keine Gew\u00e4hr f\u00fcr Verluste, die durch die Verwendung oder Verteilung dieser Informationen verursacht oder mit der Verteilung\/Nutzung dieser Informationen im Zusammenhang stehen.<\/p>\n<p>German Golftours UG beh\u00e4lt sich das Recht vor, die bereitgestellten Informationen jederzeit zu erg\u00e4nzen oder zu \u00e4ndern.<\/p>\n<p>Alle Rechte sind vorbehalten: Texte, Bilder, Grafiken und Videos unterliegen dem Schutz des Urheberrechts und anderer Schutzgesetze. Der Inhalt dieser Webseiten darf nicht ohne schriftliche Genehmigung zu kommerziellen Zwecken kopiert, verbreitet, ver\u00e4ndert oder Dritten zug\u00e4nglich gemacht werden.<\/p>\n<p>&nbsp;<\/p>\n<h5>Online Streitschlichtung<\/h5>\n<p>ec.europa.eu\/consumers\/odr\/main<\/p>\n","protected":false},"excerpt":{"rendered":"<p>Angaben gem\u00e4\u00df \u00a7 5 TMG: GGT German Golftours UG (haftungsbeschr\u00e4nkt) Steindamm 97 20099 Hamburg Deutschland Registergericht: Hamburg Registernummer: HRB 176366 Vertretungsberechtigte Gesch\u00e4ftsf\u00fchrer: Graham Carruthers Umsatzsteuer-Identifikationsnummer nach \u00a7 27a UStG: DE354299152 Steuernummer: 46\/724\/02927 &nbsp; Kontakt: Telefon: [&hellip;]<\/p>\n","protected":false},"author":3,"featured_media":0,"parent":0,"menu_order":0,"comment_status":"closed","ping_status":"closed","template":"","meta":{"_lmt_disableupdate":"no","_lmt_disable":"","_links_to":"","_links_to_target":""},"categories":[],"tags":[],"yoast_head":"<!-- This site is optimized with the Yoast SEO plugin v20.8 - https:\/\/yoast.com\/wordpress\/plugins\/seo\/ -->\n<title>Impressum - German Golftours<\/title>\n<meta name=\"robots\" content=\"index, follow, max-snippet:-1, max-image-preview:large, max-video-preview:-1\" \/>\n<link rel=\"canonical\" href=\"https:\/\/german-golftours.com\/en\/impressum\/\" \/>\n<meta property=\"og:locale\" content=\"en_US\" \/>\n<meta property=\"og:type\" content=\"article\" \/>\n<meta property=\"og:title\" content=\"Impressum - German Golftours\" \/>\n<meta property=\"og:description\" content=\"Angaben gem\u00e4\u00df \u00a7 5 TMG: GGT German Golftours UG (haftungsbeschr\u00e4nkt) Steindamm 97 20099 Hamburg Deutschland Registergericht: Hamburg Registernummer: HRB 176366 Vertretungsberechtigte Gesch\u00e4ftsf\u00fchrer: Graham Carruthers Umsatzsteuer-Identifikationsnummer nach \u00a7 27a UStG: DE354299152 Steuernummer: 46\/724\/02927 &nbsp; Kontakt: Telefon: [&hellip;]\" \/>\n<meta property=\"og:url\" content=\"https:\/\/german-golftours.com\/en\/impressum\/\" \/>\n<meta property=\"og:site_name\" content=\"German Golftours\" \/>\n<meta property=\"article:publisher\" content=\"https:\/\/www.facebook.com\/GermanGolfTours\/\" \/>\n<meta property=\"article:modified_time\" content=\"2022-09-04T22:07:53+00:00\" \/>\n<meta name=\"twitter:card\" content=\"summary_large_image\" \/>\n<meta name=\"twitter:label1\" content=\"Est. reading time\" \/>\n\t<meta name=\"twitter:data1\" content=\"1 minute\" \/>\n<script type=\"application\/ld+json\" class=\"yoast-schema-graph\">{\"@context\":\"https:\/\/schema.org\",\"@graph\":[{\"@type\":\"WebPage\",\"@id\":\"https:\/\/german-golftours.com\/en\/impressum\/\",\"url\":\"https:\/\/german-golftours.com\/en\/impressum\/\",\"name\":\"Impressum - German Golftours\",\"isPartOf\":{\"@id\":\"https:\/\/german-golftours.com\/#website\"},\"datePublished\":\"2021-09-26T08:55:16+00:00\",\"dateModified\":\"2022-09-04T22:07:53+00:00\",\"breadcrumb\":{\"@id\":\"https:\/\/german-golftours.com\/en\/impressum\/#breadcrumb\"},\"inLanguage\":\"en-US\",\"potentialAction\":[{\"@type\":\"ReadAction\",\"target\":[\"https:\/\/german-golftours.com\/en\/impressum\/\"]}]},{\"@type\":\"BreadcrumbList\",\"@id\":\"https:\/\/german-golftours.com\/en\/impressum\/#breadcrumb\",\"itemListElement\":[{\"@type\":\"ListItem\",\"position\":1,\"name\":\"Startseite\",\"item\":\"https:\/\/german-golftours.com\/en\/home\/\"},{\"@type\":\"ListItem\",\"position\":2,\"name\":\"Impressum\"}]},{\"@type\":\"WebSite\",\"@id\":\"https:\/\/german-golftours.com\/#website\",\"url\":\"https:\/\/german-golftours.com\/\",\"name\":\"German Golftours\",\"description\":\"\",\"publisher\":{\"@id\":\"https:\/\/german-golftours.com\/#organization\"},\"potentialAction\":[{\"@type\":\"SearchAction\",\"target\":{\"@type\":\"EntryPoint\",\"urlTemplate\":\"https:\/\/german-golftours.com\/?s={search_term_string}\"},\"query-input\":\"required name=search_term_string\"}],\"inLanguage\":\"en-US\"},{\"@type\":\"Organization\",\"@id\":\"https:\/\/german-golftours.com\/#organization\",\"name\":\"German Golftours\",\"url\":\"https:\/\/german-golftours.com\/\",\"logo\":{\"@type\":\"ImageObject\",\"inLanguage\":\"en-US\",\"@id\":\"https:\/\/german-golftours.com\/#\/schema\/logo\/image\/\",\"url\":\"https:\/\/german-golftours.com\/wp-content\/uploads\/2021\/09\/ggt-logo.png\",\"contentUrl\":\"https:\/\/german-golftours.com\/wp-content\/uploads\/2021\/09\/ggt-logo.png\",\"width\":500,\"height\":500,\"caption\":\"German Golftours\"},\"image\":{\"@id\":\"https:\/\/german-golftours.com\/#\/schema\/logo\/image\/\"},\"sameAs\":[\"https:\/\/www.facebook.com\/GermanGolfTours\/\",\"https:\/\/www.instagram.com\/germangolftours\/\"]}]}<\/script>\n<!-- \/ Yoast SEO plugin. -->","yoast_head_json":{"title":"Impressum - German Golftours","robots":{"index":"index","follow":"follow","max-snippet":"max-snippet:-1","max-image-preview":"max-image-preview:large","max-video-preview":"max-video-preview:-1"},"canonical":"https:\/\/german-golftours.com\/en\/impressum\/","og_locale":"en_US","og_type":"article","og_title":"Impressum - German Golftours","og_description":"Angaben gem\u00e4\u00df \u00a7 5 TMG: GGT German Golftours UG (haftungsbeschr\u00e4nkt) Steindamm 97 20099 Hamburg Deutschland Registergericht: Hamburg Registernummer: HRB 176366 Vertretungsberechtigte Gesch\u00e4ftsf\u00fchrer: Graham Carruthers Umsatzsteuer-Identifikationsnummer nach \u00a7 27a UStG: DE354299152 Steuernummer: 46\/724\/02927 &nbsp; Kontakt: Telefon: [&hellip;]","og_url":"https:\/\/german-golftours.com\/en\/impressum\/","og_site_name":"German Golftours","article_publisher":"https:\/\/www.facebook.com\/GermanGolfTours\/","article_modified_time":"2022-09-04T22:07:53+00:00","twitter_card":"summary_large_image","twitter_misc":{"Est. reading time":"1 minute"},"schema":{"@context":"https:\/\/schema.org","@graph":[{"@type":"WebPage","@id":"https:\/\/german-golftours.com\/en\/impressum\/","url":"https:\/\/german-golftours.com\/en\/impressum\/","name":"Impressum - German Golftours","isPartOf":{"@id":"https:\/\/german-golftours.com\/#website"},"datePublished":"2021-09-26T08:55:16+00:00","dateModified":"2022-09-04T22:07:53+00:00","breadcrumb":{"@id":"https:\/\/german-golftours.com\/en\/impressum\/#breadcrumb"},"inLanguage":"en-US","potentialAction":[{"@type":"ReadAction","target":["https:\/\/german-golftours.com\/en\/impressum\/"]}]},{"@type":"BreadcrumbList","@id":"https:\/\/german-golftours.com\/en\/impressum\/#breadcrumb","itemListElement":[{"@type":"ListItem","position":1,"name":"Startseite","item":"https:\/\/german-golftours.com\/en\/home\/"},{"@type":"ListItem","position":2,"name":"Impressum"}]},{"@type":"WebSite","@id":"https:\/\/german-golftours.com\/#website","url":"https:\/\/german-golftours.com\/","name":"German Golftours","description":"","publisher":{"@id":"https:\/\/german-golftours.com\/#organization"},"potentialAction":[{"@type":"SearchAction","target":{"@type":"EntryPoint","urlTemplate":"https:\/\/german-golftours.com\/?s={search_term_string}"},"query-input":"required name=search_term_string"}],"inLanguage":"en-US"},{"@type":"Organization","@id":"https:\/\/german-golftours.com\/#organization","name":"German Golftours","url":"https:\/\/german-golftours.com\/","logo":{"@type":"ImageObject","inLanguage":"en-US","@id":"https:\/\/german-golftours.com\/#\/schema\/logo\/image\/","url":"https:\/\/german-golftours.com\/wp-content\/uploads\/2021\/09\/ggt-logo.png","contentUrl":"https:\/\/german-golftours.com\/wp-content\/uploads\/2021\/09\/ggt-logo.png","width":500,"height":500,"caption":"German Golftours"},"image":{"@id":"https:\/\/german-golftours.com\/#\/schema\/logo\/image\/"},"sameAs":["https:\/\/www.facebook.com\/GermanGolfTours\/","https:\/\/www.instagram.com\/germangolftours\/"]}]}},"_links":{"self":[{"href":"https:\/\/german-golftours.com\/en\/wp-json\/wp\/v2\/pages\/1849"}],"collection":[{"href":"https:\/\/german-golftours.com\/en\/wp-json\/wp\/v2\/pages"}],"about":[{"href":"https:\/\/german-golftours.com\/en\/wp-json\/wp\/v2\/types\/page"}],"author":[{"embeddable":true,"href":"https:\/\/german-golftours.com\/en\/wp-json\/wp\/v2\/users\/3"}],"replies":[{"embeddable":true,"href":"https:\/\/german-golftours.com\/en\/wp-json\/wp\/v2\/comments?post=1849"}],"version-history":[{"count":0,"href":"https:\/\/german-golftours.com\/en\/wp-json\/wp\/v2\/pages\/1849\/revisions"}],"wp:attachment":[{"href":"https:\/\/german-golftours.com\/en\/wp-json\/wp\/v2\/media?parent=1849"}],"wp:term":[{"taxonomy":"category","embeddable":true,"href":"https:\/\/german-golftours.com\/en\/wp-json\/wp\/v2\/categories?post=1849"},{"taxonomy":"post_tag","embeddable":true,"href":"https:\/\/german-golftours.com\/en\/wp-json\/wp\/v2\/tags?post=1849"}],"curies":[{"name":"wp","href":"https:\/\/api.w.org\/{rel}","templated":true}]}}